{"id":1789,"date":"2022-04-04T21:05:18","date_gmt":"2022-04-05T01:05:18","guid":{"rendered":"https:\/\/cowper.ca\/careers\/"},"modified":"2022-08-24T12:20:09","modified_gmt":"2022-08-24T16:20:09","slug":"carrieres","status":"publish","type":"page","link":"https:\/\/cowper.ca\/fr\/carrieres\/","title":{"rendered":"Carri\u00e8res"},"content":{"rendered":"\t\t<div data-elementor-type=\"wp-page\" data-elementor-id=\"1789\" class=\"elementor elementor-1789 elementor-1560\" data-elementor-post-type=\"page\">\n\t\t\t\t\t\t<section class=\"elementor-section elementor-top-section elementor-element elementor-element-25ee158 elementor-section-height-min-height elementor-section-stretched elementor-section-items-top elementor-section-boxed elementor-section-height-default\" data-id=\"25ee158\" data-element_type=\"section\" data-settings=\"{&quot;stretch_section&quot;:&quot;section-stretched&quot;,&quot;jet_parallax_layout_list&quot;:[],&quot;background_background&quot;:&quot;classic&quot;}\">\n\t\t\t\t\t\t<div class=\"elementor-container elementor-column-gap-default\">\n\t\t\t\t\t<div class=\"elementor-column elementor-col-100 elementor-top-column elementor-element elementor-element-cfbb001\" data-id=\"cfbb001\" data-element_type=\"column\">\n\t\t\t<div class=\"elementor-widget-wrap elementor-element-populated\">\n\t\t\t\t\t\t<div class=\"elementor-element elementor-element-1f83f96 elementor-widget elementor-widget-heading\" data-id=\"1f83f96\" data-element_type=\"widget\" data-widget_type=\"heading.default\">\n\t\t\t\t<div class=\"elementor-widget-container\">\n\t\t\t\t\t<h2 class=\"elementor-heading-title elementor-size-default\">Joignez-vous \u00e0 notre \u00e9quipe!<\/h2>\t\t\t\t<\/div>\n\t\t\t\t<\/div>\n\t\t\t\t\t<\/div>\n\t\t<\/div>\n\t\t\t\t\t<\/div>\n\t\t<\/section>\n\t\t\t\t<section class=\"elementor-section elementor-top-section elementor-element elementor-element-2d190d2 elementor-section-stretched elementor-section-boxed elementor-section-height-default elementor-section-height-default\" data-id=\"2d190d2\" data-element_type=\"section\" data-settings=\"{&quot;stretch_section&quot;:&quot;section-stretched&quot;,&quot;jet_parallax_layout_list&quot;:[]}\">\n\t\t\t\t\t\t<div class=\"elementor-container elementor-column-gap-default\">\n\t\t\t\t\t<div class=\"elementor-column elementor-col-100 elementor-top-column elementor-element elementor-element-e750fbb\" data-id=\"e750fbb\" data-element_type=\"column\">\n\t\t\t<div class=\"elementor-widget-wrap elementor-element-populated\">\n\t\t\t\t\t\t<div class=\"elementor-element elementor-element-1d9a393 elementor-widget-divider--view-line_text elementor-widget-divider--element-align-right titreSection elementor-widget elementor-widget-divider\" data-id=\"1d9a393\" data-element_type=\"widget\" data-widget_type=\"divider.default\">\n\t\t\t\t<div class=\"elementor-widget-container\">\n\t\t\t\t\t\t\t<div class=\"elementor-divider\">\n\t\t\t<span class=\"elementor-divider-separator\">\n\t\t\t\t\t\t\t<span class=\"elementor-divider__text elementor-divider__element\">\n\t\t\t\tJOIGNEZ-VOUS \u00c0 NOTRE \u00c9QUIPE\t\t\t\t<\/span>\n\t\t\t\t\t\t<\/span>\n\t\t<\/div>\n\t\t\t\t\t\t<\/div>\n\t\t\t\t<\/div>\n\t\t\t\t<div class=\"elementor-element elementor-element-748bbe5 elementor-widget elementor-widget-text-editor\" data-id=\"748bbe5\" data-element_type=\"widget\" data-widget_type=\"text-editor.default\">\n\t\t\t\t<div class=\"elementor-widget-container\">\n\t\t\t\t\t\t\t\t\t<p>Depuis 1944, Cowper est un chef de file de l\u2019industrie des solutions d\u2019automatisation industrielle. Notre succ\u00e8s repose en grande partie sur les personnes talentueuses et passionn\u00e9es qui travaillent pour nous. Nous sommes toujours en croissance et en expansion, et donc toujours \u00e0 la recherche de personnes brillantes et talentueuses qui veulent relever le d\u00e9fi de rester \u00e0 l\u2019avant-garde. Si vous \u00eates \u00e0 la recherche d\u2019une carri\u00e8re enrichissante au sein d\u2019une entreprise prosp\u00e8re qui favorise la naissance de nouvelles id\u00e9es et r\u00e9compense l\u2019excellence, nous vous invitons \u00e0 devenir membre de notre \u00e9quipe!<\/p>\t\t\t\t\t\t\t\t<\/div>\n\t\t\t\t<\/div>\n\t\t\t\t\t<\/div>\n\t\t<\/div>\n\t\t\t\t\t<\/div>\n\t\t<\/section>\n\t\t\t\t<section class=\"elementor-section elementor-top-section elementor-element elementor-element-d29ec45 elementor-section-boxed elementor-section-height-default elementor-section-height-default\" data-id=\"d29ec45\" data-element_type=\"section\" data-settings=\"{&quot;jet_parallax_layout_list&quot;:[]}\">\n\t\t\t\t\t\t<div class=\"elementor-container elementor-column-gap-default\">\n\t\t\t\t\t<div class=\"elementor-column elementor-col-16 elementor-top-column elementor-element elementor-element-3d48fad\" data-id=\"3d48fad\" data-element_type=\"column\">\n\t\t\t<div class=\"elementor-widget-wrap\">\n\t\t\t\t\t\t\t<\/div>\n\t\t<\/div>\n\t\t\t\t<div class=\"elementor-column elementor-col-16 elementor-top-column elementor-element elementor-element-f7cb766\" data-id=\"f7cb766\" data-element_type=\"column\">\n\t\t\t<div class=\"elementor-widget-wrap elementor-element-populated\">\n\t\t\t\t\t\t<div class=\"elementor-element elementor-element-8bc984a elementor-widget elementor-widget-heading\" data-id=\"8bc984a\" data-element_type=\"widget\" data-widget_type=\"heading.default\">\n\t\t\t\t<div class=\"elementor-widget-container\">\n\t\t\t\t\t<h2 class=\"elementor-heading-title elementor-size-default\">Postulez maintenant!<\/h2>\t\t\t\t<\/div>\n\t\t\t\t<\/div>\n\t\t\t\t<div class=\"elementor-element elementor-element-9172de0 elementor-button-align-start elementor-widget elementor-widget-form\" data-id=\"9172de0\" data-element_type=\"widget\" data-settings=\"{&quot;step_next_label&quot;:&quot;Suivant&quot;,&quot;step_previous_label&quot;:&quot;Pr\\u00e9c\\u00e9dent&quot;,&quot;sticky&quot;:&quot;top&quot;,&quot;sticky_on&quot;:[&quot;desktop&quot;,&quot;laptop&quot;,&quot;tablet&quot;],&quot;sticky_offset&quot;:20,&quot;sticky_parent&quot;:&quot;yes&quot;,&quot;button_width&quot;:&quot;100&quot;,&quot;step_type&quot;:&quot;number_text&quot;,&quot;step_icon_shape&quot;:&quot;circle&quot;,&quot;sticky_effects_offset&quot;:0,&quot;sticky_anchor_link_offset&quot;:0}\" data-widget_type=\"form.default\">\n\t\t\t\t<div class=\"elementor-widget-container\">\n\t\t\t\t\t\t\t<form class=\"elementor-form\" method=\"post\" name=\"Page Carri\u00e8res\" aria-label=\"Page Carri\u00e8res\">\n\t\t\t<input type=\"hidden\" name=\"post_id\" value=\"1789\"\/>\n\t\t\t<input type=\"hidden\" name=\"form_id\" value=\"9172de0\"\/>\n\t\t\t<input type=\"hidden\" name=\"referer_title\" value=\"Carri\u00e8res - Cowper\" \/>\n\n\t\t\t\t\t\t\t<input type=\"hidden\" name=\"queried_id\" value=\"1789\"\/>\n\t\t\t\n\t\t\t<div class=\"elementor-form-fields-wrapper elementor-labels-\">\n\t\t\t\t\t\t\t\t<div class=\"elementor-field-type-text elementor-field-group elementor-column elementor-field-group-name elementor-col-100 elementor-field-required\">\n\t\t\t\t\t\t\t\t\t\t\t\t<label for=\"form-field-name\" class=\"elementor-field-label elementor-screen-only\">\n\t\t\t\t\t\t\t\tNom\t\t\t\t\t\t\t<\/label>\n\t\t\t\t\t\t\t\t\t\t\t\t\t\t<input size=\"1\" type=\"text\" name=\"form_fields[name]\" id=\"form-field-name\" class=\"elementor-field elementor-size-sm  elementor-field-textual\" placeholder=\"Nom*\" required=\"required\">\n\t\t\t\t\t\t\t\t\t\t\t<\/div>\n\t\t\t\t\t\t\t\t<div class=\"elementor-field-type-email elementor-field-group elementor-column elementor-field-group-email elementor-col-100 elementor-field-required\">\n\t\t\t\t\t\t\t\t\t\t\t\t<label for=\"form-field-email\" class=\"elementor-field-label elementor-screen-only\">\n\t\t\t\t\t\t\t\tCourriel\t\t\t\t\t\t\t<\/label>\n\t\t\t\t\t\t\t\t\t\t\t\t\t\t<input size=\"1\" type=\"email\" name=\"form_fields[email]\" id=\"form-field-email\" class=\"elementor-field elementor-size-sm  elementor-field-textual\" placeholder=\"Courriel*\" required=\"required\">\n\t\t\t\t\t\t\t\t\t\t\t<\/div>\n\t\t\t\t\t\t\t\t<div class=\"elementor-field-type-tel elementor-field-group elementor-column elementor-field-group-phone elementor-col-100 elementor-field-required\">\n\t\t\t\t\t\t\t\t\t\t\t\t<label for=\"form-field-phone\" class=\"elementor-field-label elementor-screen-only\">\n\t\t\t\t\t\t\t\tT\u00e9l\u00e9phone\t\t\t\t\t\t\t<\/label>\n\t\t\t\t\t\t\t\t<input size=\"1\" type=\"tel\" name=\"form_fields[phone]\" id=\"form-field-phone\" class=\"elementor-field elementor-size-sm  elementor-field-textual\" placeholder=\"T\u00e9l\u00e9phone*\" required=\"required\" pattern=\"[0-9()#&amp;+*-=.]+\" title=\"Seuls les caract\u00e8res de num\u00e9ros de t\u00e9l\u00e9phone (#, -, *, etc.) sont accept\u00e9s.\">\n\n\t\t\t\t\t\t<\/div>\n\t\t\t\t\t\t\t\t<div class=\"elementor-field-type-text elementor-field-group elementor-column elementor-field-group-field_067a47c elementor-col-100 elementor-field-required\">\n\t\t\t\t\t\t\t\t\t\t\t\t<label for=\"form-field-field_067a47c\" class=\"elementor-field-label elementor-screen-only\">\n\t\t\t\t\t\t\t\tPoste recherch\u00e9\t\t\t\t\t\t\t<\/label>\n\t\t\t\t\t\t\t\t\t\t\t\t\t\t<input size=\"1\" type=\"text\" name=\"form_fields[field_067a47c]\" id=\"form-field-field_067a47c\" class=\"elementor-field elementor-size-sm  elementor-field-textual\" placeholder=\"Poste recherch\u00e9*\" required=\"required\">\n\t\t\t\t\t\t\t\t\t\t\t<\/div>\n\t\t\t\t\t\t\t\t<div class=\"elementor-field-type-textarea elementor-field-group elementor-column elementor-field-group-message elementor-col-100 elementor-field-required\">\n\t\t\t\t\t\t\t\t\t\t\t\t<label for=\"form-field-message\" class=\"elementor-field-label elementor-screen-only\">\n\t\t\t\t\t\t\t\tMessage\t\t\t\t\t\t\t<\/label>\n\t\t\t\t\t\t<textarea class=\"elementor-field-textual elementor-field  elementor-size-sm\" name=\"form_fields[message]\" id=\"form-field-message\" rows=\"5\" placeholder=\"Parlez-nous de vous*\" required=\"required\"><\/textarea>\t\t\t\t<\/div>\n\t\t\t\t\t\t\t\t<div class=\"elementor-field-type-recaptcha_v3 elementor-field-group elementor-column elementor-field-group-field_eb2a044 elementor-col-100 recaptcha_v3-bottomright\">\n\t\t\t\t\t<div class=\"elementor-field\" id=\"form-field-field_eb2a044\"><div class=\"elementor-g-recaptcha\" data-sitekey=\"6Ldxp98eAAAAAMnEoN4y8rlANl1MT96x2LiM-x_W\" data-type=\"v3\" data-action=\"Form\" data-badge=\"bottomright\" data-size=\"invisible\"><\/div><\/div>\t\t\t\t<\/div>\n\t\t\t\t\t\t\t\t<div class=\"elementor-field-group elementor-column elementor-field-type-submit elementor-col-100 e-form__buttons\">\n\t\t\t\t\t<button class=\"elementor-button elementor-size-sm\" type=\"submit\">\n\t\t\t\t\t\t<span class=\"elementor-button-content-wrapper\">\n\t\t\t\t\t\t\t\t\t\t\t\t\t\t\t\t\t\t\t\t\t\t<span class=\"elementor-button-text\">+ Envoyer mon CV<\/span>\n\t\t\t\t\t\t\t\t\t\t\t\t\t<\/span>\n\t\t\t\t\t<\/button>\n\t\t\t\t<\/div>\n\t\t\t<\/div>\n\t\t<\/form>\n\t\t\t\t\t\t<\/div>\n\t\t\t\t<\/div>\n\t\t\t\t\t<\/div>\n\t\t<\/div>\n\t\t\t\t<div class=\"elementor-column elementor-col-66 elementor-top-column elementor-element elementor-element-572907d\" data-id=\"572907d\" data-element_type=\"column\">\n\t\t\t<div class=\"elementor-widget-wrap\">\n\t\t\t\t\t\t\t<\/div>\n\t\t<\/div>\n\t\t\t\t\t<\/div>\n\t\t<\/section>\n\t\t\t\t<\/div>\n\t\t","protected":false},"excerpt":{"rendered":"<p>Joignez-vous \u00e0 notre \u00e9quipe! JOIGNEZ-VOUS \u00c0 NOTRE \u00c9QUIPE Depuis 1944, Cowper est un chef de file de l\u2019industrie des solutions d\u2019automatisation industrielle. Notre succ\u00e8s repose en grande partie sur les personnes talentueuses et passionn\u00e9es qui travaillent pour nous. Nous sommes toujours en croissance et en expansion, et donc toujours \u00e0 la recherche de personnes brillantes [&hellip;]<\/p>\n","protected":false},"author":1,"featured_media":0,"parent":0,"menu_order":-1001,"comment_status":"closed","ping_status":"closed","template":"","meta":{"footnotes":""},"class_list":["post-1789","page","type-page","status-publish","hentry"],"yoast_head":"<!-- This site is optimized with the Yoast SEO plugin v25.8 - https:\/\/yoast.com\/wordpress\/plugins\/seo\/ -->\n<title>Carri\u00e8res - Cowper<\/title>\n<meta name=\"robots\" content=\"index, follow, max-snippet:-1, max-image-preview:large, max-video-preview:-1\" \/>\n<link rel=\"canonical\" href=\"https:\/\/cowper.ca\/fr\/carrieres\/\" \/>\n<meta property=\"og:locale\" content=\"fr_CA\" \/>\n<meta property=\"og:type\" content=\"article\" \/>\n<meta property=\"og:title\" content=\"Carri\u00e8res - Cowper\" \/>\n<meta property=\"og:description\" content=\"Joignez-vous \u00e0 notre \u00e9quipe! JOIGNEZ-VOUS \u00c0 NOTRE \u00c9QUIPE Depuis 1944, Cowper est un chef de file de l\u2019industrie des solutions d\u2019automatisation industrielle. Notre succ\u00e8s repose en grande partie sur les personnes talentueuses et passionn\u00e9es qui travaillent pour nous. Nous sommes toujours en croissance et en expansion, et donc toujours \u00e0 la recherche de personnes brillantes [&hellip;]\" \/>\n<meta property=\"og:url\" content=\"https:\/\/cowper.ca\/fr\/carrieres\/\" \/>\n<meta property=\"og:site_name\" content=\"Cowper\" \/>\n<meta property=\"article:modified_time\" content=\"2022-08-24T16:20:09+00:00\" \/>\n<meta name=\"twitter:card\" content=\"summary_large_image\" \/>\n<meta name=\"twitter:label1\" content=\"Estimation du temps de lecture\" \/>\n\t<meta name=\"twitter:data1\" content=\"1 minute\" \/>\n<script type=\"application\/ld+json\" class=\"yoast-schema-graph\">{\"@context\":\"https:\/\/schema.org\",\"@graph\":[{\"@type\":\"WebPage\",\"@id\":\"https:\/\/cowper.ca\/fr\/carrieres\/\",\"url\":\"https:\/\/cowper.ca\/fr\/carrieres\/\",\"name\":\"Carri\u00e8res - Cowper\",\"isPartOf\":{\"@id\":\"https:\/\/cowper.ca\/#website\"},\"datePublished\":\"2022-04-05T01:05:18+00:00\",\"dateModified\":\"2022-08-24T16:20:09+00:00\",\"breadcrumb\":{\"@id\":\"https:\/\/cowper.ca\/fr\/carrieres\/#breadcrumb\"},\"inLanguage\":\"fr-CA\",\"potentialAction\":[{\"@type\":\"ReadAction\",\"target\":[\"https:\/\/cowper.ca\/fr\/carrieres\/\"]}]},{\"@type\":\"BreadcrumbList\",\"@id\":\"https:\/\/cowper.ca\/fr\/carrieres\/#breadcrumb\",\"itemListElement\":[{\"@type\":\"ListItem\",\"position\":1,\"name\":\"Home\",\"item\":\"https:\/\/cowper.ca\/fr\/\"},{\"@type\":\"ListItem\",\"position\":2,\"name\":\"Carri\u00e8res\"}]},{\"@type\":\"WebSite\",\"@id\":\"https:\/\/cowper.ca\/#website\",\"url\":\"https:\/\/cowper.ca\/\",\"name\":\"Cowper\",\"description\":\"\",\"publisher\":{\"@id\":\"https:\/\/cowper.ca\/#organization\"},\"potentialAction\":[{\"@type\":\"SearchAction\",\"target\":{\"@type\":\"EntryPoint\",\"urlTemplate\":\"https:\/\/cowper.ca\/?s={search_term_string}\"},\"query-input\":{\"@type\":\"PropertyValueSpecification\",\"valueRequired\":true,\"valueName\":\"search_term_string\"}}],\"inLanguage\":\"fr-CA\"},{\"@type\":\"Organization\",\"@id\":\"https:\/\/cowper.ca\/#organization\",\"name\":\"Cowper\",\"url\":\"https:\/\/cowper.ca\/\",\"logo\":{\"@type\":\"ImageObject\",\"inLanguage\":\"fr-CA\",\"@id\":\"https:\/\/cowper.ca\/#\/schema\/logo\/image\/\",\"url\":\"https:\/\/cowper.ca\/wp-content\/uploads\/2020\/10\/cowper-logo.png\",\"contentUrl\":\"https:\/\/cowper.ca\/wp-content\/uploads\/2020\/10\/cowper-logo.png\",\"width\":292,\"height\":81,\"caption\":\"Cowper\"},\"image\":{\"@id\":\"https:\/\/cowper.ca\/#\/schema\/logo\/image\/\"}}]}<\/script>\n<!-- \/ Yoast SEO plugin. -->","yoast_head_json":{"title":"Carri\u00e8res - Cowper","robots":{"index":"index","follow":"follow","max-snippet":"max-snippet:-1","max-image-preview":"max-image-preview:large","max-video-preview":"max-video-preview:-1"},"canonical":"https:\/\/cowper.ca\/fr\/carrieres\/","og_locale":"fr_CA","og_type":"article","og_title":"Carri\u00e8res - Cowper","og_description":"Joignez-vous \u00e0 notre \u00e9quipe! JOIGNEZ-VOUS \u00c0 NOTRE \u00c9QUIPE Depuis 1944, Cowper est un chef de file de l\u2019industrie des solutions d\u2019automatisation industrielle. Notre succ\u00e8s repose en grande partie sur les personnes talentueuses et passionn\u00e9es qui travaillent pour nous. Nous sommes toujours en croissance et en expansion, et donc toujours \u00e0 la recherche de personnes brillantes [&hellip;]","og_url":"https:\/\/cowper.ca\/fr\/carrieres\/","og_site_name":"Cowper","article_modified_time":"2022-08-24T16:20:09+00:00","twitter_card":"summary_large_image","twitter_misc":{"Estimation du temps de lecture":"1 minute"},"schema":{"@context":"https:\/\/schema.org","@graph":[{"@type":"WebPage","@id":"https:\/\/cowper.ca\/fr\/carrieres\/","url":"https:\/\/cowper.ca\/fr\/carrieres\/","name":"Carri\u00e8res - Cowper","isPartOf":{"@id":"https:\/\/cowper.ca\/#website"},"datePublished":"2022-04-05T01:05:18+00:00","dateModified":"2022-08-24T16:20:09+00:00","breadcrumb":{"@id":"https:\/\/cowper.ca\/fr\/carrieres\/#breadcrumb"},"inLanguage":"fr-CA","potentialAction":[{"@type":"ReadAction","target":["https:\/\/cowper.ca\/fr\/carrieres\/"]}]},{"@type":"BreadcrumbList","@id":"https:\/\/cowper.ca\/fr\/carrieres\/#breadcrumb","itemListElement":[{"@type":"ListItem","position":1,"name":"Home","item":"https:\/\/cowper.ca\/fr\/"},{"@type":"ListItem","position":2,"name":"Carri\u00e8res"}]},{"@type":"WebSite","@id":"https:\/\/cowper.ca\/#website","url":"https:\/\/cowper.ca\/","name":"Cowper","description":"","publisher":{"@id":"https:\/\/cowper.ca\/#organization"},"potentialAction":[{"@type":"SearchAction","target":{"@type":"EntryPoint","urlTemplate":"https:\/\/cowper.ca\/?s={search_term_string}"},"query-input":{"@type":"PropertyValueSpecification","valueRequired":true,"valueName":"search_term_string"}}],"inLanguage":"fr-CA"},{"@type":"Organization","@id":"https:\/\/cowper.ca\/#organization","name":"Cowper","url":"https:\/\/cowper.ca\/","logo":{"@type":"ImageObject","inLanguage":"fr-CA","@id":"https:\/\/cowper.ca\/#\/schema\/logo\/image\/","url":"https:\/\/cowper.ca\/wp-content\/uploads\/2020\/10\/cowper-logo.png","contentUrl":"https:\/\/cowper.ca\/wp-content\/uploads\/2020\/10\/cowper-logo.png","width":292,"height":81,"caption":"Cowper"},"image":{"@id":"https:\/\/cowper.ca\/#\/schema\/logo\/image\/"}}]}},"_links":{"self":[{"href":"https:\/\/cowper.ca\/fr\/wp-json\/wp\/v2\/pages\/1789","targetHints":{"allow":["GET"]}}],"collection":[{"href":"https:\/\/cowper.ca\/fr\/wp-json\/wp\/v2\/pages"}],"about":[{"href":"https:\/\/cowper.ca\/fr\/wp-json\/wp\/v2\/types\/page"}],"author":[{"embeddable":true,"href":"https:\/\/cowper.ca\/fr\/wp-json\/wp\/v2\/users\/1"}],"replies":[{"embeddable":true,"href":"https:\/\/cowper.ca\/fr\/wp-json\/wp\/v2\/comments?post=1789"}],"version-history":[{"count":0,"href":"https:\/\/cowper.ca\/fr\/wp-json\/wp\/v2\/pages\/1789\/revisions"}],"wp:attachment":[{"href":"https:\/\/cowper.ca\/fr\/wp-json\/wp\/v2\/media?parent=1789"}],"curies":[{"name":"wp","href":"https:\/\/api.w.org\/{rel}","templated":true}]}}