{"id":1798,"date":"2022-03-20T15:28:43","date_gmt":"2022-03-20T19:28:43","guid":{"rendered":"https:\/\/cowper.ca\/services\/"},"modified":"2025-02-05T16:46:08","modified_gmt":"2025-02-05T21:46:08","slug":"services","status":"publish","type":"page","link":"https:\/\/cowper.ca\/fr\/services\/","title":{"rendered":"Services"},"content":{"rendered":"\t\t<div data-elementor-type=\"wp-page\" data-elementor-id=\"1798\" class=\"elementor elementor-1798 elementor-612\" data-elementor-post-type=\"page\">\n\t\t\t\t\t\t<section class=\"elementor-section elementor-top-section elementor-element elementor-element-25ee158 elementor-section-height-min-height elementor-section-stretched elementor-section-items-top elementor-section-boxed elementor-section-height-default\" data-id=\"25ee158\" data-element_type=\"section\" data-settings=\"{&quot;stretch_section&quot;:&quot;section-stretched&quot;,&quot;jet_parallax_layout_list&quot;:[],&quot;background_background&quot;:&quot;classic&quot;}\">\n\t\t\t\t\t\t<div class=\"elementor-container elementor-column-gap-default\">\n\t\t\t\t\t<div class=\"elementor-column elementor-col-100 elementor-top-column elementor-element elementor-element-cfbb001\" data-id=\"cfbb001\" data-element_type=\"column\">\n\t\t\t<div class=\"elementor-widget-wrap elementor-element-populated\">\n\t\t\t\t\t\t<div class=\"elementor-element elementor-element-1f83f96 elementor-widget elementor-widget-heading\" data-id=\"1f83f96\" data-element_type=\"widget\" data-widget_type=\"heading.default\">\n\t\t\t\t<div class=\"elementor-widget-container\">\n\t\t\t\t\t<h2 class=\"elementor-heading-title elementor-size-default\">Votre guichet unique \npour trouver les meilleurs produits et  solutions.\n<\/h2>\t\t\t\t<\/div>\n\t\t\t\t<\/div>\n\t\t\t\t<div class=\"elementor-element elementor-element-13df794 elementor-widget elementor-widget-text-editor\" data-id=\"13df794\" data-element_type=\"widget\" data-widget_type=\"text-editor.default\">\n\t\t\t\t<div class=\"elementor-widget-container\">\n\t\t\t\t\t\t\t\t\t<p>Des commandes d\u2019automatisation jusqu\u2019aux produits pneumatiques.<\/p>\t\t\t\t\t\t\t\t<\/div>\n\t\t\t\t<\/div>\n\t\t\t\t\t<\/div>\n\t\t<\/div>\n\t\t\t\t\t<\/div>\n\t\t<\/section>\n\t\t\t\t<section class=\"elementor-section elementor-top-section elementor-element elementor-element-2d190d2 elementor-section-stretched elementor-section-boxed elementor-section-height-default elementor-section-height-default\" data-id=\"2d190d2\" data-element_type=\"section\" data-settings=\"{&quot;stretch_section&quot;:&quot;section-stretched&quot;,&quot;jet_parallax_layout_list&quot;:[]}\">\n\t\t\t\t\t\t<div class=\"elementor-container elementor-column-gap-default\">\n\t\t\t\t\t<div class=\"elementor-column elementor-col-100 elementor-top-column elementor-element elementor-element-e750fbb\" data-id=\"e750fbb\" data-element_type=\"column\">\n\t\t\t<div class=\"elementor-widget-wrap elementor-element-populated\">\n\t\t\t\t\t\t<div class=\"elementor-element elementor-element-1d9a393 elementor-widget-divider--view-line_text elementor-widget-divider--element-align-right titreSection elementor-widget elementor-widget-divider\" data-id=\"1d9a393\" data-element_type=\"widget\" data-widget_type=\"divider.default\">\n\t\t\t\t<div class=\"elementor-widget-container\">\n\t\t\t\t\t\t\t<div class=\"elementor-divider\">\n\t\t\t<span class=\"elementor-divider-separator\">\n\t\t\t\t\t\t\t<span class=\"elementor-divider__text elementor-divider__element\">\n\t\t\t\tNos services\t\t\t\t<\/span>\n\t\t\t\t\t\t<\/span>\n\t\t<\/div>\n\t\t\t\t\t\t<\/div>\n\t\t\t\t<\/div>\n\t\t\t\t<div class=\"elementor-element elementor-element-fe8fcef elementor-widget elementor-widget-heading\" data-id=\"fe8fcef\" data-element_type=\"widget\" data-widget_type=\"heading.default\">\n\t\t\t\t<div class=\"elementor-widget-container\">\n\t\t\t\t\t<h2 class=\"elementor-heading-title elementor-size-default\">Cowper Automation est un distributeur avec stock de produits \nprim\u00e9 offrant des composants de premier plan aux entreprises industrielles.<\/h2>\t\t\t\t<\/div>\n\t\t\t\t<\/div>\n\t\t\t\t<div class=\"elementor-element elementor-element-4d176a8 elementor-widget elementor-widget-spacer\" data-id=\"4d176a8\" data-element_type=\"widget\" data-widget_type=\"spacer.default\">\n\t\t\t\t<div class=\"elementor-widget-container\">\n\t\t\t\t\t\t\t<div class=\"elementor-spacer\">\n\t\t\t<div class=\"elementor-spacer-inner\"><\/div>\n\t\t<\/div>\n\t\t\t\t\t\t<\/div>\n\t\t\t\t<\/div>\n\t\t\t\t<div class=\"elementor-element elementor-element-f7e8deb elementor-widget elementor-widget-heading\" data-id=\"f7e8deb\" data-element_type=\"widget\" data-widget_type=\"heading.default\">\n\t\t\t\t<div class=\"elementor-widget-container\">\n\t\t\t\t\t<h2 class=\"elementor-heading-title elementor-size-default\">Ce que nous offrons<\/h2>\t\t\t\t<\/div>\n\t\t\t\t<\/div>\n\t\t\t\t<div class=\"elementor-element elementor-element-e7e48ea elementor-tabs-view-vertical tab-services elementor-widget elementor-widget-tabs\" data-id=\"e7e48ea\" data-element_type=\"widget\" data-widget_type=\"tabs.default\">\n\t\t\t\t<div class=\"elementor-widget-container\">\n\t\t\t\t\t\t\t<div class=\"elementor-tabs\">\n\t\t\t<div class=\"elementor-tabs-wrapper\" role=\"tablist\" >\n\t\t\t\t\t\t\t\t\t<div id=\"elementor-tab-title-2431\" class=\"elementor-tab-title elementor-tab-desktop-title\" aria-selected=\"true\" data-tab=\"1\" role=\"tab\" tabindex=\"0\" aria-controls=\"elementor-tab-content-2431\" aria-expanded=\"false\">Distributeur avec stock de produits<\/div>\n\t\t\t\t\t\t\t\t\t<div id=\"elementor-tab-title-2432\" class=\"elementor-tab-title elementor-tab-desktop-title\" aria-selected=\"false\" data-tab=\"2\" role=\"tab\" tabindex=\"-1\" aria-controls=\"elementor-tab-content-2432\" aria-expanded=\"false\">Calibrage, s\u00e9lection et circuits<\/div>\n\t\t\t\t\t\t\t\t\t<div id=\"elementor-tab-title-2433\" class=\"elementor-tab-title elementor-tab-desktop-title\" aria-selected=\"false\" data-tab=\"3\" role=\"tab\" tabindex=\"-1\" aria-controls=\"elementor-tab-content-2433\" aria-expanded=\"false\">Assemblage en atelier \u00e0 valeur ajout\u00e9e<\/div>\n\t\t\t\t\t\t\t\t\t<div id=\"elementor-tab-title-2434\" class=\"elementor-tab-title elementor-tab-desktop-title\" aria-selected=\"false\" data-tab=\"4\" role=\"tab\" tabindex=\"-1\" aria-controls=\"elementor-tab-content-2434\" aria-expanded=\"false\">Certification en usine<\/div>\n\t\t\t\t\t\t\t<\/div>\n\t\t\t<div class=\"elementor-tabs-content-wrapper\" role=\"tablist\" aria-orientation=\"vertical\">\n\t\t\t\t\t\t\t\t\t<div class=\"elementor-tab-title elementor-tab-mobile-title\" aria-selected=\"true\" data-tab=\"1\" role=\"tab\" tabindex=\"0\" aria-controls=\"elementor-tab-content-2431\" aria-expanded=\"false\">Distributeur avec stock de produits<\/div>\n\t\t\t\t\t<div id=\"elementor-tab-content-2431\" class=\"elementor-tab-content elementor-clearfix\" data-tab=\"1\" role=\"tabpanel\" aria-labelledby=\"elementor-tab-title-2431\" tabindex=\"0\" hidden=\"false\"><p><strong>Distributeur avec stock de produits<\/strong><\/p><p>Cylindres hydrauliques, valves, raccords, capteurs, API et plus encore : nous fournissons tout ce dont vous avez besoin pour faire bouger les choses.<\/p><\/div>\n\t\t\t\t\t\t\t\t\t<div class=\"elementor-tab-title elementor-tab-mobile-title\" aria-selected=\"false\" data-tab=\"2\" role=\"tab\" tabindex=\"-1\" aria-controls=\"elementor-tab-content-2432\" aria-expanded=\"false\">Calibrage, s\u00e9lection et circuits<\/div>\n\t\t\t\t\t<div id=\"elementor-tab-content-2432\" class=\"elementor-tab-content elementor-clearfix\" data-tab=\"2\" role=\"tabpanel\" aria-labelledby=\"elementor-tab-title-2432\" tabindex=\"0\" hidden=\"hidden\"><p><strong>Calibrage, s\u00e9lection et circuits<\/strong><\/p><p>Notre exp\u00e9rience vous aide \u00e0 optimiser la performance de votre entreprise. Renseignez-vous sur nos solutions de pointe.<\/p><\/div>\n\t\t\t\t\t\t\t\t\t<div class=\"elementor-tab-title elementor-tab-mobile-title\" aria-selected=\"false\" data-tab=\"3\" role=\"tab\" tabindex=\"-1\" aria-controls=\"elementor-tab-content-2433\" aria-expanded=\"false\">Assemblage en atelier \u00e0 valeur ajout\u00e9e<\/div>\n\t\t\t\t\t<div id=\"elementor-tab-content-2433\" class=\"elementor-tab-content elementor-clearfix\" data-tab=\"3\" role=\"tabpanel\" aria-labelledby=\"elementor-tab-title-2433\" tabindex=\"0\" hidden=\"hidden\"><p><strong>Assemblage en atelier \u00e0 valeur ajout\u00e9e<\/strong><\/p><p>Nos assemblages et ensembles test\u00e9s \u00e0 100% simplifient votre production et maximisent votre rentabilit\u00e9 afin que votre entreprise puisse prendre de l\u2019expansion.<\/p><\/div>\n\t\t\t\t\t\t\t\t\t<div class=\"elementor-tab-title elementor-tab-mobile-title\" aria-selected=\"false\" data-tab=\"4\" role=\"tab\" tabindex=\"-1\" aria-controls=\"elementor-tab-content-2434\" aria-expanded=\"false\">Certification en usine<\/div>\n\t\t\t\t\t<div id=\"elementor-tab-content-2434\" class=\"elementor-tab-content elementor-clearfix\" data-tab=\"4\" role=\"tabpanel\" aria-labelledby=\"elementor-tab-title-2434\" tabindex=\"0\" hidden=\"hidden\"><p><strong>Certification en usine<\/strong><\/p><p>Cowper garantit la qualit\u00e9 et la fiabilit\u00e9 de chaque r\u00e9paration. Nos techniciens s\u2019assurent que votre automatisation vous offre le meilleur rendement.<\/p><\/div>\n\t\t\t\t\t\t\t<\/div>\n\t\t<\/div>\n\t\t\t\t\t\t<\/div>\n\t\t\t\t<\/div>\n\t\t\t\t\t<\/div>\n\t\t<\/div>\n\t\t\t\t\t<\/div>\n\t\t<\/section>\n\t\t\t\t<section class=\"elementor-section elementor-top-section elementor-element elementor-element-5b11be8 elementor-section-height-min-height elementor-section-content-middle elementor-section-stretched elementor-section-boxed elementor-section-height-default elementor-section-items-middle\" data-id=\"5b11be8\" data-element_type=\"section\" data-settings=\"{&quot;stretch_section&quot;:&quot;section-stretched&quot;,&quot;jet_parallax_layout_list&quot;:[],&quot;background_background&quot;:&quot;classic&quot;}\">\n\t\t\t\t\t\t<div class=\"elementor-container elementor-column-gap-default\">\n\t\t\t\t\t<div class=\"elementor-column elementor-col-100 elementor-top-column elementor-element elementor-element-e15fe16\" data-id=\"e15fe16\" data-element_type=\"column\">\n\t\t\t<div class=\"elementor-widget-wrap elementor-element-populated\">\n\t\t\t\t\t\t<section class=\"elementor-section elementor-inner-section elementor-element elementor-element-4e2a4f7 elementor-section-content-middle elementor-section-boxed elementor-section-height-default elementor-section-height-default\" data-id=\"4e2a4f7\" data-element_type=\"section\" data-settings=\"{&quot;jet_parallax_layout_list&quot;:[]}\">\n\t\t\t\t\t\t<div class=\"elementor-container elementor-column-gap-default\">\n\t\t\t\t\t<div class=\"elementor-column elementor-col-50 elementor-inner-column elementor-element elementor-element-3b16f9b\" data-id=\"3b16f9b\" data-element_type=\"column\">\n\t\t\t<div class=\"elementor-widget-wrap elementor-element-populated\">\n\t\t\t\t\t\t<div class=\"elementor-element elementor-element-aca188b elementor-widget-divider--view-line_text elementor-widget-divider--element-align-right titreSection elementor-widget elementor-widget-divider\" data-id=\"aca188b\" data-element_type=\"widget\" data-widget_type=\"divider.default\">\n\t\t\t\t<div class=\"elementor-widget-container\">\n\t\t\t\t\t\t\t<div class=\"elementor-divider\">\n\t\t\t<span class=\"elementor-divider-separator\">\n\t\t\t\t\t\t\t<span class=\"elementor-divider__text elementor-divider__element\">\n\t\t\t\tCOMMENCEZ VOTRE PROJET\t\t\t\t<\/span>\n\t\t\t\t\t\t<\/span>\n\t\t<\/div>\n\t\t\t\t\t\t<\/div>\n\t\t\t\t<\/div>\n\t\t\t\t<div class=\"elementor-element elementor-element-f542f56 elementor-widget elementor-widget-heading\" data-id=\"f542f56\" data-element_type=\"widget\" data-widget_type=\"heading.default\">\n\t\t\t\t<div class=\"elementor-widget-container\">\n\t\t\t\t\t<h2 class=\"elementor-heading-title elementor-size-default\">Des produits de haute performance,  \ndes syst\u00e8mes intelligents, des solutions personnalis\u00e9es \net un service in\u00e9gal\u00e9.\n<\/h2>\t\t\t\t<\/div>\n\t\t\t\t<\/div>\n\t\t\t\t\t<\/div>\n\t\t<\/div>\n\t\t\t\t<div class=\"elementor-column elementor-col-50 elementor-inner-column elementor-element elementor-element-0e7c4cf\" data-id=\"0e7c4cf\" data-element_type=\"column\">\n\t\t\t<div class=\"elementor-widget-wrap elementor-element-populated\">\n\t\t\t\t\t\t<div class=\"elementor-element elementor-element-c86d8e4 elementor-align-right elementor-tablet-align-left white elementor-widget elementor-widget-button\" data-id=\"c86d8e4\" data-element_type=\"widget\" data-widget_type=\"button.default\">\n\t\t\t\t<div class=\"elementor-widget-container\">\n\t\t\t\t\t\t\t\t\t<div class=\"elementor-button-wrapper\">\n\t\t\t\t\t<a class=\"elementor-button elementor-button-link elementor-size-sm\" href=\"#\">\n\t\t\t\t\t\t<span class=\"elementor-button-content-wrapper\">\n\t\t\t\t\t\t<span class=\"elementor-button-icon\">\n\t\t\t\t<svg xmlns=\"http:\/\/www.w3.org\/2000\/svg\" xmlns:xlink=\"http:\/\/www.w3.org\/1999\/xlink\" id=\"Layer_1\" x=\"0px\" y=\"0px\" viewBox=\"0 0 33 33\" style=\"enable-background:new 0 0 33 33;\" xml:space=\"preserve\"><style type=\"text\/css\">\t.st0{fill-rule:evenodd;clip-rule:evenodd;}<\/style><g>\t<path d=\"M16.5,33C7.4,33,0,25.6,0,16.5C0,7.4,7.4,0,16.5,0C25.6,0,33,7.4,33,16.5C33,25.6,25.6,33,16.5,33z M16.5,1C8,1,1,8,1,16.5  C1,25,8,32,16.5,32C25,32,32,25,32,16.5C32,8,25,1,16.5,1z\"><\/path><\/g><g>\t<path class=\"st0\" d=\"M14.7,21.7l-2-2l3.2-3.2l-3.2-3.2l2-2l5.1,5.2L14.7,21.7z\"><\/path><\/g><\/svg>\t\t\t<\/span>\n\t\t\t\t\t\t\t\t\t<span class=\"elementor-button-text\">Contactez-nous d\u00e8s aujourd\u2019hui pour maximiser votre productivit\u00e9!<\/span>\n\t\t\t\t\t<\/span>\n\t\t\t\t\t<\/a>\n\t\t\t\t<\/div>\n\t\t\t\t\t\t\t\t<\/div>\n\t\t\t\t<\/div>\n\t\t\t\t\t<\/div>\n\t\t<\/div>\n\t\t\t\t\t<\/div>\n\t\t<\/section>\n\t\t\t\t\t<\/div>\n\t\t<\/div>\n\t\t\t\t\t<\/div>\n\t\t<\/section>\n\t\t\t\t<\/div>\n\t\t","protected":false},"excerpt":{"rendered":"<p>Votre guichet unique pour trouver les meilleurs produits et solutions. Des commandes d\u2019automatisation jusqu\u2019aux produits pneumatiques. Nos services Cowper Automation est un distributeur avec stock de produits prim\u00e9 offrant des composants de premier plan aux entreprises industrielles. Ce que nous offrons Distributeur avec stock de produits Calibrage, s\u00e9lection et circuits Assemblage en atelier \u00e0 valeur [&hellip;]<\/p>\n","protected":false},"author":11,"featured_media":0,"parent":0,"menu_order":-9000,"comment_status":"closed","ping_status":"closed","template":"","meta":{"footnotes":""},"class_list":["post-1798","page","type-page","status-publish","hentry"],"yoast_head":"<!-- This site is optimized with the Yoast SEO plugin v25.8 - https:\/\/yoast.com\/wordpress\/plugins\/seo\/ -->\n<title>Nos services | Cowper<\/title>\n<meta name=\"description\" content=\"Cowper est un distributeur complet, prim\u00e9, qui stocke des composants de premi\u00e8re qualit\u00e9 et les meilleurs de leur cat\u00e9gorie pour les industries.\" \/>\n<meta name=\"robots\" content=\"index, follow, max-snippet:-1, max-image-preview:large, max-video-preview:-1\" \/>\n<link rel=\"canonical\" href=\"https:\/\/cowper.ca\/fr\/services\/\" \/>\n<meta property=\"og:locale\" content=\"fr_CA\" \/>\n<meta property=\"og:type\" content=\"article\" \/>\n<meta property=\"og:title\" content=\"Nos services | Cowper\" \/>\n<meta property=\"og:description\" content=\"Cowper est un distributeur complet, prim\u00e9, qui stocke des composants de premi\u00e8re qualit\u00e9 et les meilleurs de leur cat\u00e9gorie pour les industries.\" \/>\n<meta property=\"og:url\" content=\"https:\/\/cowper.ca\/fr\/services\/\" \/>\n<meta property=\"og:site_name\" content=\"Cowper\" \/>\n<meta property=\"article:modified_time\" content=\"2025-02-05T21:46:08+00:00\" \/>\n<meta name=\"twitter:card\" content=\"summary_large_image\" \/>\n<meta name=\"twitter:label1\" content=\"Estimation du temps de lecture\" \/>\n\t<meta name=\"twitter:data1\" content=\"1 minute\" \/>\n<script type=\"application\/ld+json\" class=\"yoast-schema-graph\">{\"@context\":\"https:\/\/schema.org\",\"@graph\":[{\"@type\":\"WebPage\",\"@id\":\"https:\/\/cowper.ca\/fr\/services\/\",\"url\":\"https:\/\/cowper.ca\/fr\/services\/\",\"name\":\"Nos services | Cowper\",\"isPartOf\":{\"@id\":\"https:\/\/cowper.ca\/#website\"},\"datePublished\":\"2022-03-20T19:28:43+00:00\",\"dateModified\":\"2025-02-05T21:46:08+00:00\",\"description\":\"Cowper est un distributeur complet, prim\u00e9, qui stocke des composants de premi\u00e8re qualit\u00e9 et les meilleurs de leur cat\u00e9gorie pour les industries.\",\"breadcrumb\":{\"@id\":\"https:\/\/cowper.ca\/fr\/services\/#breadcrumb\"},\"inLanguage\":\"fr-CA\",\"potentialAction\":[{\"@type\":\"ReadAction\",\"target\":[\"https:\/\/cowper.ca\/fr\/services\/\"]}]},{\"@type\":\"BreadcrumbList\",\"@id\":\"https:\/\/cowper.ca\/fr\/services\/#breadcrumb\",\"itemListElement\":[{\"@type\":\"ListItem\",\"position\":1,\"name\":\"Home\",\"item\":\"https:\/\/cowper.ca\/fr\/\"},{\"@type\":\"ListItem\",\"position\":2,\"name\":\"Services\"}]},{\"@type\":\"WebSite\",\"@id\":\"https:\/\/cowper.ca\/#website\",\"url\":\"https:\/\/cowper.ca\/\",\"name\":\"Cowper\",\"description\":\"\",\"publisher\":{\"@id\":\"https:\/\/cowper.ca\/#organization\"},\"potentialAction\":[{\"@type\":\"SearchAction\",\"target\":{\"@type\":\"EntryPoint\",\"urlTemplate\":\"https:\/\/cowper.ca\/?s={search_term_string}\"},\"query-input\":{\"@type\":\"PropertyValueSpecification\",\"valueRequired\":true,\"valueName\":\"search_term_string\"}}],\"inLanguage\":\"fr-CA\"},{\"@type\":\"Organization\",\"@id\":\"https:\/\/cowper.ca\/#organization\",\"name\":\"Cowper\",\"url\":\"https:\/\/cowper.ca\/\",\"logo\":{\"@type\":\"ImageObject\",\"inLanguage\":\"fr-CA\",\"@id\":\"https:\/\/cowper.ca\/#\/schema\/logo\/image\/\",\"url\":\"https:\/\/cowper.ca\/wp-content\/uploads\/2020\/10\/cowper-logo.png\",\"contentUrl\":\"https:\/\/cowper.ca\/wp-content\/uploads\/2020\/10\/cowper-logo.png\",\"width\":292,\"height\":81,\"caption\":\"Cowper\"},\"image\":{\"@id\":\"https:\/\/cowper.ca\/#\/schema\/logo\/image\/\"}}]}<\/script>\n<!-- \/ Yoast SEO plugin. -->","yoast_head_json":{"title":"Nos services | Cowper","description":"Cowper est un distributeur complet, prim\u00e9, qui stocke des composants de premi\u00e8re qualit\u00e9 et les meilleurs de leur cat\u00e9gorie pour les industries.","robots":{"index":"index","follow":"follow","max-snippet":"max-snippet:-1","max-image-preview":"max-image-preview:large","max-video-preview":"max-video-preview:-1"},"canonical":"https:\/\/cowper.ca\/fr\/services\/","og_locale":"fr_CA","og_type":"article","og_title":"Nos services | Cowper","og_description":"Cowper est un distributeur complet, prim\u00e9, qui stocke des composants de premi\u00e8re qualit\u00e9 et les meilleurs de leur cat\u00e9gorie pour les industries.","og_url":"https:\/\/cowper.ca\/fr\/services\/","og_site_name":"Cowper","article_modified_time":"2025-02-05T21:46:08+00:00","twitter_card":"summary_large_image","twitter_misc":{"Estimation du temps de lecture":"1 minute"},"schema":{"@context":"https:\/\/schema.org","@graph":[{"@type":"WebPage","@id":"https:\/\/cowper.ca\/fr\/services\/","url":"https:\/\/cowper.ca\/fr\/services\/","name":"Nos services | Cowper","isPartOf":{"@id":"https:\/\/cowper.ca\/#website"},"datePublished":"2022-03-20T19:28:43+00:00","dateModified":"2025-02-05T21:46:08+00:00","description":"Cowper est un distributeur complet, prim\u00e9, qui stocke des composants de premi\u00e8re qualit\u00e9 et les meilleurs de leur cat\u00e9gorie pour les industries.","breadcrumb":{"@id":"https:\/\/cowper.ca\/fr\/services\/#breadcrumb"},"inLanguage":"fr-CA","potentialAction":[{"@type":"ReadAction","target":["https:\/\/cowper.ca\/fr\/services\/"]}]},{"@type":"BreadcrumbList","@id":"https:\/\/cowper.ca\/fr\/services\/#breadcrumb","itemListElement":[{"@type":"ListItem","position":1,"name":"Home","item":"https:\/\/cowper.ca\/fr\/"},{"@type":"ListItem","position":2,"name":"Services"}]},{"@type":"WebSite","@id":"https:\/\/cowper.ca\/#website","url":"https:\/\/cowper.ca\/","name":"Cowper","description":"","publisher":{"@id":"https:\/\/cowper.ca\/#organization"},"potentialAction":[{"@type":"SearchAction","target":{"@type":"EntryPoint","urlTemplate":"https:\/\/cowper.ca\/?s={search_term_string}"},"query-input":{"@type":"PropertyValueSpecification","valueRequired":true,"valueName":"search_term_string"}}],"inLanguage":"fr-CA"},{"@type":"Organization","@id":"https:\/\/cowper.ca\/#organization","name":"Cowper","url":"https:\/\/cowper.ca\/","logo":{"@type":"ImageObject","inLanguage":"fr-CA","@id":"https:\/\/cowper.ca\/#\/schema\/logo\/image\/","url":"https:\/\/cowper.ca\/wp-content\/uploads\/2020\/10\/cowper-logo.png","contentUrl":"https:\/\/cowper.ca\/wp-content\/uploads\/2020\/10\/cowper-logo.png","width":292,"height":81,"caption":"Cowper"},"image":{"@id":"https:\/\/cowper.ca\/#\/schema\/logo\/image\/"}}]}},"_links":{"self":[{"href":"https:\/\/cowper.ca\/fr\/wp-json\/wp\/v2\/pages\/1798","targetHints":{"allow":["GET"]}}],"collection":[{"href":"https:\/\/cowper.ca\/fr\/wp-json\/wp\/v2\/pages"}],"about":[{"href":"https:\/\/cowper.ca\/fr\/wp-json\/wp\/v2\/types\/page"}],"author":[{"embeddable":true,"href":"https:\/\/cowper.ca\/fr\/wp-json\/wp\/v2\/users\/11"}],"replies":[{"embeddable":true,"href":"https:\/\/cowper.ca\/fr\/wp-json\/wp\/v2\/comments?post=1798"}],"version-history":[{"count":0,"href":"https:\/\/cowper.ca\/fr\/wp-json\/wp\/v2\/pages\/1798\/revisions"}],"wp:attachment":[{"href":"https:\/\/cowper.ca\/fr\/wp-json\/wp\/v2\/media?parent=1798"}],"curies":[{"name":"wp","href":"https:\/\/api.w.org\/{rel}","templated":true}]}}